{"id":443,"date":"2014-07-11T13:08:19","date_gmt":"2014-07-11T11:08:19","guid":{"rendered":"http:\/\/www.ritocad.se\/?page_id=443"},"modified":"2024-08-30T13:14:56","modified_gmt":"2024-08-30T11:14:56","slug":"vi-som-jobbar-har","status":"publish","type":"page","link":"https:\/\/www.ritocad.se\/index.php\/om-ritcad\/vi-som-jobbar-har\/","title":{"rendered":"Kontakt"},"content":{"rendered":"<p><span style=\"color: #666699;\"><strong>Lasse Modin<\/strong><\/span>, <span style=\"color: #000000;\">VD och f\u00f6rs\u00e4ljning<\/span><br \/>\n0708-273 120<br \/>\n<span style=\"color: #666699;\"><strong>Anna Salqvist-Johansson<\/strong><\/span>,&nbsp; <span style=\"color: #000000;\">Support- och utbildningansvarig<\/span><br \/>\n0708-234 130<br \/>\n<span style=\"color: #666699;\"><strong>Camilla Olofsson<\/strong><\/span>, <span style=\"color: #000000;\">Produktionsansvarig<\/span><br \/>\n0708-234 132<br \/>\n<span style=\"color: #666699;\"><strong>Peter Nervall<\/strong><\/span>, <span style=\"color: #000000;\">Utvecklingsansvarig<\/span><br \/>\n0708-384 423<br \/>\n<strong><span style=\"color: #666699;\">Marianne Wanneby-Modin<\/span>, <\/strong> <span style=\"color: #000000;\">Ekonomiansvarig<\/span><br \/>\n0708-234 131<br \/>\nF\u00f6r E-postadress anv\u00e4nder vi modellen&nbsp; f\u00f6rnamn@ritocad.se<\/p>\n","protected":false},"excerpt":{"rendered":"<p>Lasse Modin, VD och f\u00f6rs\u00e4ljning 0708-273 120 Anna Salqvist-Johansson,&nbsp; Support- och utbildningansvarig 0708-234 130 Camilla Olofsson, Produktionsansvarig 0708-234 132 Peter Nervall, Utvecklingsansvarig 0708-384 423 Marianne Wanneby-Modin, Ekonomiansvarig 0708-234 131 F\u00f6r E-postadress anv\u00e4nder vi modellen&nbsp; f\u00f6rnamn@ritocad.se<\/p>\n","protected":false},"author":4,"featured_media":0,"parent":76,"menu_order":51,"comment_status":"closed","ping_status":"open","template":"","meta":{"footnotes":""},"class_list":["post-443","page","type-page","status-publish","hentry"],"_links":{"self":[{"href":"https:\/\/www.ritocad.se\/index.php\/wp-json\/wp\/v2\/pages\/443","targetHints":{"allow":["GET"]}}],"collection":[{"href":"https:\/\/www.ritocad.se\/index.php\/wp-json\/wp\/v2\/pages"}],"about":[{"href":"https:\/\/www.ritocad.se\/index.php\/wp-json\/wp\/v2\/types\/page"}],"author":[{"embeddable":true,"href":"https:\/\/www.ritocad.se\/index.php\/wp-json\/wp\/v2\/users\/4"}],"replies":[{"embeddable":true,"href":"https:\/\/www.ritocad.se\/index.php\/wp-json\/wp\/v2\/comments?post=443"}],"version-history":[{"count":4,"href":"https:\/\/www.ritocad.se\/index.php\/wp-json\/wp\/v2\/pages\/443\/revisions"}],"predecessor-version":[{"id":1697,"href":"https:\/\/www.ritocad.se\/index.php\/wp-json\/wp\/v2\/pages\/443\/revisions\/1697"}],"up":[{"embeddable":true,"href":"https:\/\/www.ritocad.se\/index.php\/wp-json\/wp\/v2\/pages\/76"}],"wp:attachment":[{"href":"https:\/\/www.ritocad.se\/index.php\/wp-json\/wp\/v2\/media?parent=443"}],"curies":[{"name":"wp","href":"https:\/\/api.w.org\/{rel}","templated":true}]}}