{"id":56,"date":"2014-06-24T09:22:51","date_gmt":"2014-06-24T07:22:51","guid":{"rendered":"http:\/\/www.ritocad.se\/?page_id=56"},"modified":"2024-08-30T13:33:34","modified_gmt":"2024-08-30T11:33:34","slug":"produkter","status":"publish","type":"page","link":"https:\/\/www.ritocad.se\/index.php\/produkter\/","title":{"rendered":"Fince"},"content":{"rendered":"<p><strong>Fince<\/strong> g\u00f6r det m\u00f6jligt att lagra och strukturera era dokument p\u00e5 en och samma plats och se till att dom blir tillg\u00e4ngliga i alla sammanhang.<br \/>Via webbgr\u00e4nssnittet ges alla anv\u00e4ndare, oberoende av tid och rum, kontrollerad tillg\u00e5ng till informationen.<br \/>Systemet \u00e4r:<\/p>\n<ul>\n<li>Webbaserat<\/li>\n<li>Tillg\u00e4ngligt via Windows, Mac, Linux och Android<\/li>\n<li>Oberoende av filformat<\/li>\n<\/ul>\n<p>Systemet har:<\/p>\n<ul>\n<li>Beh\u00f6righetssystem<\/li>\n<li>Inbyggd viewer<\/li>\n<li>Versionshantering<\/li>\n<li>Bevakning av f\u00f6rfallodatum<\/li>\n<li>Integration med ett antal fastighetssystem<\/li>\n<\/ul>\n<p>Systemet kr\u00e4ver:<\/p>\n<ul>\n<li>Ingen klientprogramvara p\u00e5 dator eller server<\/li>\n<\/ul>\n<p>L\u00e4s mer om<br \/><a title=\"Om Fince\" href=\"?page_id=70\">Fince<\/a>\u00a0\u00a0\u00a0\u00a0\u00a0\u00a0\u00a0\u00a0\u00a0 <a title=\"Molntj\u00e4nst\" href=\"?page_id=132\">Molntj\u00e4nst<\/a><br \/><a href=\"https:\/\/www.ritocad.se\/wp-content\/uploads\/2024\/08\/OmFince2024.pdf\">Utskriftsv\u00e4nligt format<\/a><\/p>\n\n\n<p><\/p>\n","protected":false},"excerpt":{"rendered":"<p>Fince ett effektivt, webbaserat dokumenthanteringssystem anpassat f\u00f6r fastighetsbranschen<\/p>\n","protected":false},"author":2,"featured_media":0,"parent":0,"menu_order":10,"comment_status":"closed","ping_status":"open","template":"","meta":{"footnotes":""},"class_list":["post-56","page","type-page","status-publish","hentry"],"_links":{"self":[{"href":"https:\/\/www.ritocad.se\/index.php\/wp-json\/wp\/v2\/pages\/56","targetHints":{"allow":["GET"]}}],"collection":[{"href":"https:\/\/www.ritocad.se\/index.php\/wp-json\/wp\/v2\/pages"}],"about":[{"href":"https:\/\/www.ritocad.se\/index.php\/wp-json\/wp\/v2\/types\/page"}],"author":[{"embeddable":true,"href":"https:\/\/www.ritocad.se\/index.php\/wp-json\/wp\/v2\/users\/2"}],"replies":[{"embeddable":true,"href":"https:\/\/www.ritocad.se\/index.php\/wp-json\/wp\/v2\/comments?post=56"}],"version-history":[{"count":5,"href":"https:\/\/www.ritocad.se\/index.php\/wp-json\/wp\/v2\/pages\/56\/revisions"}],"predecessor-version":[{"id":1709,"href":"https:\/\/www.ritocad.se\/index.php\/wp-json\/wp\/v2\/pages\/56\/revisions\/1709"}],"wp:attachment":[{"href":"https:\/\/www.ritocad.se\/index.php\/wp-json\/wp\/v2\/media?parent=56"}],"curies":[{"name":"wp","href":"https:\/\/api.w.org\/{rel}","templated":true}]}}